{"id":981,"date":"2023-12-07T14:08:02","date_gmt":"2023-12-07T13:08:02","guid":{"rendered":"https:\/\/www.velo-bureau.fr\/entreprise\/"},"modified":"2024-11-21T14:51:17","modified_gmt":"2024-11-21T13:51:17","slug":"workspace","status":"publish","type":"page","link":"https:\/\/www.velo-bureau.fr\/en\/workspace\/","title":{"rendered":"Workspace"},"content":{"rendered":"","protected":false},"excerpt":{"rendered":"","protected":false},"author":1,"featured_media":0,"parent":0,"menu_order":8,"comment_status":"closed","ping_status":"closed","template":"","meta":{"_acf_changed":false,"inline_featured_image":false,"footnotes":""},"class_list":["post-981","page","type-page","status-publish","hentry"],"acf":[],"yoast_head":"<!-- This site is optimized with the Yoast SEO plugin v26.8 - https:\/\/yoast.com\/product\/yoast-seo-wordpress\/ -->\n<title>V\u00e9los Bureaux en entreprise : am\u00e9liorez le bien-\u00eatre de vos salari\u00e9s - V\u00e9lo bureau<\/title>\n<meta name=\"description\" content=\"Dans le cadre de la QVT, nos mobiliers actifs comme le v\u00e9lo bureau incitent les employ\u00e9s \u00e0 bouger tout en travaillant.\" \/>\n<meta name=\"robots\" content=\"index, follow, max-snippet:-1, max-image-preview:large, max-video-preview:-1\" \/>\n<link rel=\"canonical\" href=\"https:\/\/www.velo-bureau.fr\/en\/workspace\/\" \/>\n<meta property=\"og:locale\" content=\"en_US\" \/>\n<meta property=\"og:type\" content=\"article\" \/>\n<meta property=\"og:title\" content=\"V\u00e9los Bureaux en entreprise : am\u00e9liorez le bien-\u00eatre de vos salari\u00e9s - V\u00e9lo bureau\" \/>\n<meta property=\"og:description\" content=\"Dans le cadre de la QVT, nos mobiliers actifs comme le v\u00e9lo bureau incitent les employ\u00e9s \u00e0 bouger tout en travaillant.\" \/>\n<meta property=\"og:url\" content=\"https:\/\/www.velo-bureau.fr\/en\/workspace\/\" \/>\n<meta property=\"og:site_name\" content=\"V\u00e9lo bureau\" \/>\n<meta property=\"article:modified_time\" content=\"2024-11-21T13:51:17+00:00\" \/>\n<meta name=\"twitter:card\" content=\"summary_large_image\" \/>\n<meta name=\"twitter:label1\" content=\"Est. reading time\" \/>\n\t<meta name=\"twitter:data1\" content=\"4 minutes\" \/>\n<script type=\"application\/ld+json\" class=\"yoast-schema-graph\">{\"@context\":\"https:\/\/schema.org\",\"@graph\":[{\"@type\":\"WebPage\",\"@id\":\"https:\/\/www.velo-bureau.fr\/en\/workspace\/\",\"url\":\"https:\/\/www.velo-bureau.fr\/en\/workspace\/\",\"name\":\"V\u00e9los Bureaux en entreprise : am\u00e9liorez le bien-\u00eatre de vos salari\u00e9s - V\u00e9lo bureau\",\"isPartOf\":{\"@id\":\"https:\/\/www.velo-bureau.fr\/en\/#website\"},\"datePublished\":\"2023-12-07T13:08:02+00:00\",\"dateModified\":\"2024-11-21T13:51:17+00:00\",\"description\":\"Dans le cadre de la QVT, nos mobiliers actifs comme le v\u00e9lo bureau incitent les employ\u00e9s \u00e0 bouger tout en travaillant.\",\"inLanguage\":\"en-US\",\"potentialAction\":[{\"@type\":\"ReadAction\",\"target\":[\"https:\/\/www.velo-bureau.fr\/en\/workspace\/\"]}]},{\"@type\":\"WebSite\",\"@id\":\"https:\/\/www.velo-bureau.fr\/en\/#website\",\"url\":\"https:\/\/www.velo-bureau.fr\/en\/\",\"name\":\"V\u00e9lo bureau\",\"description\":\"Bouger en travaillant pour am\u00e9liorer votre sant\u00e9\",\"potentialAction\":[{\"@type\":\"SearchAction\",\"target\":{\"@type\":\"EntryPoint\",\"urlTemplate\":\"https:\/\/www.velo-bureau.fr\/en\/?s={search_term_string}\"},\"query-input\":{\"@type\":\"PropertyValueSpecification\",\"valueRequired\":true,\"valueName\":\"search_term_string\"}}],\"inLanguage\":\"en-US\"}]}<\/script>\n<!-- \/ Yoast SEO plugin. -->","yoast_head_json":{"title":"V\u00e9los Bureaux en entreprise : am\u00e9liorez le bien-\u00eatre de vos salari\u00e9s - V\u00e9lo bureau","description":"Dans le cadre de la QVT, nos mobiliers actifs comme le v\u00e9lo bureau incitent les employ\u00e9s \u00e0 bouger tout en travaillant.","robots":{"index":"index","follow":"follow","max-snippet":"max-snippet:-1","max-image-preview":"max-image-preview:large","max-video-preview":"max-video-preview:-1"},"canonical":"https:\/\/www.velo-bureau.fr\/en\/workspace\/","og_locale":"en_US","og_type":"article","og_title":"V\u00e9los Bureaux en entreprise : am\u00e9liorez le bien-\u00eatre de vos salari\u00e9s - V\u00e9lo bureau","og_description":"Dans le cadre de la QVT, nos mobiliers actifs comme le v\u00e9lo bureau incitent les employ\u00e9s \u00e0 bouger tout en travaillant.","og_url":"https:\/\/www.velo-bureau.fr\/en\/workspace\/","og_site_name":"V\u00e9lo bureau","article_modified_time":"2024-11-21T13:51:17+00:00","twitter_card":"summary_large_image","twitter_misc":{"Est. reading time":"4 minutes"},"schema":{"@context":"https:\/\/schema.org","@graph":[{"@type":"WebPage","@id":"https:\/\/www.velo-bureau.fr\/en\/workspace\/","url":"https:\/\/www.velo-bureau.fr\/en\/workspace\/","name":"V\u00e9los Bureaux en entreprise : am\u00e9liorez le bien-\u00eatre de vos salari\u00e9s - V\u00e9lo bureau","isPartOf":{"@id":"https:\/\/www.velo-bureau.fr\/en\/#website"},"datePublished":"2023-12-07T13:08:02+00:00","dateModified":"2024-11-21T13:51:17+00:00","description":"Dans le cadre de la QVT, nos mobiliers actifs comme le v\u00e9lo bureau incitent les employ\u00e9s \u00e0 bouger tout en travaillant.","inLanguage":"en-US","potentialAction":[{"@type":"ReadAction","target":["https:\/\/www.velo-bureau.fr\/en\/workspace\/"]}]},{"@type":"WebSite","@id":"https:\/\/www.velo-bureau.fr\/en\/#website","url":"https:\/\/www.velo-bureau.fr\/en\/","name":"V\u00e9lo bureau","description":"Bouger en travaillant pour am\u00e9liorer votre sant\u00e9","potentialAction":[{"@type":"SearchAction","target":{"@type":"EntryPoint","urlTemplate":"https:\/\/www.velo-bureau.fr\/en\/?s={search_term_string}"},"query-input":{"@type":"PropertyValueSpecification","valueRequired":true,"valueName":"search_term_string"}}],"inLanguage":"en-US"}]}},"_links":{"self":[{"href":"https:\/\/www.velo-bureau.fr\/en\/wp-json\/wp\/v2\/pages\/981","targetHints":{"allow":["GET"]}}],"collection":[{"href":"https:\/\/www.velo-bureau.fr\/en\/wp-json\/wp\/v2\/pages"}],"about":[{"href":"https:\/\/www.velo-bureau.fr\/en\/wp-json\/wp\/v2\/types\/page"}],"author":[{"embeddable":true,"href":"https:\/\/www.velo-bureau.fr\/en\/wp-json\/wp\/v2\/users\/1"}],"replies":[{"embeddable":true,"href":"https:\/\/www.velo-bureau.fr\/en\/wp-json\/wp\/v2\/comments?post=981"}],"version-history":[{"count":10,"href":"https:\/\/www.velo-bureau.fr\/en\/wp-json\/wp\/v2\/pages\/981\/revisions"}],"predecessor-version":[{"id":2120,"href":"https:\/\/www.velo-bureau.fr\/en\/wp-json\/wp\/v2\/pages\/981\/revisions\/2120"}],"wp:attachment":[{"href":"https:\/\/www.velo-bureau.fr\/en\/wp-json\/wp\/v2\/media?parent=981"}],"curies":[{"name":"wp","href":"https:\/\/api.w.org\/{rel}","templated":true}]}}