{"id":1015,"date":"2023-12-07T14:22:48","date_gmt":"2023-12-07T13:22:48","guid":{"rendered":"https:\/\/www.velo-bureau.fr\/mentions-legales\/"},"modified":"2024-02-01T15:24:09","modified_gmt":"2024-02-01T14:24:09","slug":"terms-conditions","status":"publish","type":"page","link":"https:\/\/www.velo-bureau.fr\/en\/terms-conditions\/","title":{"rendered":"Terms &#038; Conditions"},"content":{"rendered":"<div class=\"et_pb_module et_pb_text et_pb_text_1 PoliceNo1 TexteStyle1 TitreStyle2 Noir Gauche Lien Puce et_pb_text_align_left et_pb_bg_layout_light\">\n<div class=\"et_pb_text_inner\">\n<h4>Pr\u00e9sentation du site<\/h4>\n<p>En vertu de l\u2019article 6 de la loi n\u00b0 2004-575 du 21 juin 2004 pour la confiance dans l\u2019\u00e9conomie num\u00e9rique, il est pr\u00e9cis\u00e9 aux utilisateurs du site <a href=\"https:\/\/www.velobureau.fr\">https:\/\/www.velobureau.fr<\/a> l\u2019identit\u00e9 des diff\u00e9rents intervenants dans le cadre de sa r\u00e9alisation et de son suivi :<\/p>\n<p>Propri\u00e9taire : TEK ACTIVE \u2013 SAS \u2013 SIRENE : 821 617 461 \u2013 MONTREUIL, France<\/p>\n<p>Cr\u00e9ateur : TEK ACTIVE<\/p>\n<p>Responsable publication : TEK ACTIVE \u2013 95 avenue du PDT Wilson 93100<\/p>\n<p>Montreuil <a href=\"mailto:contact@tekactive.com\" target=\"_blank\" rel=\"noopener\">contact@tekactive.com<\/a><\/p>\n<p>Le responsable publication est une personne physique ou une personne morale.<\/p>\n<p>&nbsp;<\/p>\n<h4>Conditions g\u00e9n\u00e9rales d\u2019utilisation du site et des services propos\u00e9s<\/h4>\n<p>L\u2019utilisation du site <a href=\"https:\/\/www.velobureau.fr\">https:\/\/www.velobureau.fr<\/a> implique l\u2019acceptation pleine et enti\u00e8re des conditions g\u00e9n\u00e9rales d\u2019utilisation ci-apr\u00e8s d\u00e9crites. Ces conditions d\u2019utilisation sont susceptibles d\u2019\u00eatre modifi\u00e9es ou compl\u00e9t\u00e9es \u00e0 tout moment, les utilisateurs du http:\/\/velo-bureau.fr sont donc invit\u00e9s \u00e0 les consulter de mani\u00e8re r\u00e9guli\u00e8re.<\/p>\n<p>Ce site est normalement accessible \u00e0 tout moment aux utilisateurs. Une interruption pour raison de maintenance technique peut \u00eatre toutefois d\u00e9cid\u00e9e par http:\/\/velobureau.fr, qui s\u2019efforcera alors de communiquer pr\u00e9alablement aux utilisateurs les dates et heures de l\u2019intervention.<\/p>\n<p>Le site <a href=\"https:\/\/www.velobureau.fr\">https:\/\/www.velobureau.fr<\/a> est mis \u00e0 jour r\u00e9guli\u00e8rement par TEK ACTIVE . De la m\u00eame fa\u00e7on, les mentions l\u00e9gales peuvent \u00eatre modifi\u00e9es \u00e0 tout moment : elles s\u2019imposent n\u00e9anmoins \u00e0 l\u2019utilisateur qui est invit\u00e9 \u00e0 s\u2019y r\u00e9f\u00e9rer le plus souvent possible afin d\u2019en prendre connaissance.<\/p>\n<p>&nbsp;<\/p>\n<h4>Description des services fournis<\/h4>\n<p>Le site <a href=\"https:\/\/www.velobureau.fr\">https:\/\/www.velobureau.fr<\/a> a pour objet de fournir une information concernant l\u2019ensemble des activit\u00e9s de la soci\u00e9t\u00e9.<\/p>\n<p>TEK ACTIVE s\u2019efforce de fournir sur le site http:\/\/velo-bureau.fr des informations aussi pr\u00e9cises que possible. Toutefois, il ne pourra \u00eatre tenue responsable des omissions, des inexactitudes et des carences dans la mise \u00e0 jour, qu\u2019elles soient de son fait ou du fait des tiers partenaires qui lui fournissent ces informations.<\/p>\n<p>Tous les informations indiqu\u00e9es sur le site http:\/\/velo-bureau.fr sont donn\u00e9es \u00e0 titre indicatif, et sont susceptibles d\u2019\u00e9voluer. Par ailleurs, les renseignements figurant sur le site\u00a0<a href=\"https:\/\/www.velobureau.fr\">https:\/\/www.velobureau.fr<\/a> ne sont pas exhaustifs. Ils sont donn\u00e9s sous r\u00e9serve de modifications ayant \u00e9t\u00e9 apport\u00e9es depuis leur mise en ligne.<\/p>\n<\/div>\n<\/div>\n","protected":false},"excerpt":{"rendered":"<p>Pr\u00e9sentation du site En vertu de l\u2019article 6 de la loi n\u00b0 2004-575 du 21 juin 2004 pour la confiance dans l\u2019\u00e9conomie num\u00e9rique, il est pr\u00e9cis\u00e9 aux utilisateurs du site https:\/\/www.velobureau.fr l\u2019identit\u00e9 des diff\u00e9rents intervenants dans le cadre de sa r\u00e9alisation et de son suivi : Propri\u00e9taire : TEK ACTIVE \u2013 SAS \u2013 SIRENE : [&hellip;]<\/p>\n","protected":false},"author":1,"featured_media":0,"parent":0,"menu_order":24,"comment_status":"closed","ping_status":"closed","template":"","meta":{"_acf_changed":false,"inline_featured_image":false,"footnotes":""},"class_list":["post-1015","page","type-page","status-publish","hentry"],"acf":[],"yoast_head":"<!-- This site is optimized with the Yoast SEO plugin v26.8 - https:\/\/yoast.com\/product\/yoast-seo-wordpress\/ -->\n<title>Terms &amp; Conditions - V\u00e9lo bureau<\/title>\n<meta name=\"robots\" content=\"index, follow, max-snippet:-1, max-image-preview:large, max-video-preview:-1\" \/>\n<link rel=\"canonical\" href=\"https:\/\/www.velo-bureau.fr\/en\/terms-conditions\/\" \/>\n<meta property=\"og:locale\" content=\"en_US\" \/>\n<meta property=\"og:type\" content=\"article\" \/>\n<meta property=\"og:title\" content=\"Terms &amp; Conditions - V\u00e9lo bureau\" \/>\n<meta property=\"og:description\" content=\"Pr\u00e9sentation du site En vertu de l\u2019article 6 de la loi n\u00b0 2004-575 du 21 juin 2004 pour la confiance dans l\u2019\u00e9conomie num\u00e9rique, il est pr\u00e9cis\u00e9 aux utilisateurs du site https:\/\/www.velobureau.fr l\u2019identit\u00e9 des diff\u00e9rents intervenants dans le cadre de sa r\u00e9alisation et de son suivi : Propri\u00e9taire : TEK ACTIVE \u2013 SAS \u2013 SIRENE : [&hellip;]\" \/>\n<meta property=\"og:url\" content=\"https:\/\/www.velo-bureau.fr\/en\/terms-conditions\/\" \/>\n<meta property=\"og:site_name\" content=\"V\u00e9lo bureau\" \/>\n<meta property=\"article:modified_time\" content=\"2024-02-01T14:24:09+00:00\" \/>\n<meta name=\"twitter:card\" content=\"summary_large_image\" \/>\n<meta name=\"twitter:label1\" content=\"Est. reading time\" \/>\n\t<meta name=\"twitter:data1\" content=\"2 minutes\" \/>\n<script type=\"application\/ld+json\" class=\"yoast-schema-graph\">{\"@context\":\"https:\/\/schema.org\",\"@graph\":[{\"@type\":\"WebPage\",\"@id\":\"https:\/\/www.velo-bureau.fr\/en\/terms-conditions\/\",\"url\":\"https:\/\/www.velo-bureau.fr\/en\/terms-conditions\/\",\"name\":\"Terms & Conditions - V\u00e9lo bureau\",\"isPartOf\":{\"@id\":\"https:\/\/www.velo-bureau.fr\/en\/#website\"},\"datePublished\":\"2023-12-07T13:22:48+00:00\",\"dateModified\":\"2024-02-01T14:24:09+00:00\",\"inLanguage\":\"en-US\",\"potentialAction\":[{\"@type\":\"ReadAction\",\"target\":[\"https:\/\/www.velo-bureau.fr\/en\/terms-conditions\/\"]}]},{\"@type\":\"WebSite\",\"@id\":\"https:\/\/www.velo-bureau.fr\/en\/#website\",\"url\":\"https:\/\/www.velo-bureau.fr\/en\/\",\"name\":\"V\u00e9lo bureau\",\"description\":\"Bouger en travaillant pour am\u00e9liorer votre sant\u00e9\",\"potentialAction\":[{\"@type\":\"SearchAction\",\"target\":{\"@type\":\"EntryPoint\",\"urlTemplate\":\"https:\/\/www.velo-bureau.fr\/en\/?s={search_term_string}\"},\"query-input\":{\"@type\":\"PropertyValueSpecification\",\"valueRequired\":true,\"valueName\":\"search_term_string\"}}],\"inLanguage\":\"en-US\"}]}<\/script>\n<!-- \/ Yoast SEO plugin. -->","yoast_head_json":{"title":"Terms & Conditions - V\u00e9lo bureau","robots":{"index":"index","follow":"follow","max-snippet":"max-snippet:-1","max-image-preview":"max-image-preview:large","max-video-preview":"max-video-preview:-1"},"canonical":"https:\/\/www.velo-bureau.fr\/en\/terms-conditions\/","og_locale":"en_US","og_type":"article","og_title":"Terms & Conditions - V\u00e9lo bureau","og_description":"Pr\u00e9sentation du site En vertu de l\u2019article 6 de la loi n\u00b0 2004-575 du 21 juin 2004 pour la confiance dans l\u2019\u00e9conomie num\u00e9rique, il est pr\u00e9cis\u00e9 aux utilisateurs du site https:\/\/www.velobureau.fr l\u2019identit\u00e9 des diff\u00e9rents intervenants dans le cadre de sa r\u00e9alisation et de son suivi : Propri\u00e9taire : TEK ACTIVE \u2013 SAS \u2013 SIRENE : [&hellip;]","og_url":"https:\/\/www.velo-bureau.fr\/en\/terms-conditions\/","og_site_name":"V\u00e9lo bureau","article_modified_time":"2024-02-01T14:24:09+00:00","twitter_card":"summary_large_image","twitter_misc":{"Est. reading time":"2 minutes"},"schema":{"@context":"https:\/\/schema.org","@graph":[{"@type":"WebPage","@id":"https:\/\/www.velo-bureau.fr\/en\/terms-conditions\/","url":"https:\/\/www.velo-bureau.fr\/en\/terms-conditions\/","name":"Terms & Conditions - V\u00e9lo bureau","isPartOf":{"@id":"https:\/\/www.velo-bureau.fr\/en\/#website"},"datePublished":"2023-12-07T13:22:48+00:00","dateModified":"2024-02-01T14:24:09+00:00","inLanguage":"en-US","potentialAction":[{"@type":"ReadAction","target":["https:\/\/www.velo-bureau.fr\/en\/terms-conditions\/"]}]},{"@type":"WebSite","@id":"https:\/\/www.velo-bureau.fr\/en\/#website","url":"https:\/\/www.velo-bureau.fr\/en\/","name":"V\u00e9lo bureau","description":"Bouger en travaillant pour am\u00e9liorer votre sant\u00e9","potentialAction":[{"@type":"SearchAction","target":{"@type":"EntryPoint","urlTemplate":"https:\/\/www.velo-bureau.fr\/en\/?s={search_term_string}"},"query-input":{"@type":"PropertyValueSpecification","valueRequired":true,"valueName":"search_term_string"}}],"inLanguage":"en-US"}]}},"_links":{"self":[{"href":"https:\/\/www.velo-bureau.fr\/en\/wp-json\/wp\/v2\/pages\/1015","targetHints":{"allow":["GET"]}}],"collection":[{"href":"https:\/\/www.velo-bureau.fr\/en\/wp-json\/wp\/v2\/pages"}],"about":[{"href":"https:\/\/www.velo-bureau.fr\/en\/wp-json\/wp\/v2\/types\/page"}],"author":[{"embeddable":true,"href":"https:\/\/www.velo-bureau.fr\/en\/wp-json\/wp\/v2\/users\/1"}],"replies":[{"embeddable":true,"href":"https:\/\/www.velo-bureau.fr\/en\/wp-json\/wp\/v2\/comments?post=1015"}],"version-history":[{"count":1,"href":"https:\/\/www.velo-bureau.fr\/en\/wp-json\/wp\/v2\/pages\/1015\/revisions"}],"predecessor-version":[{"id":1016,"href":"https:\/\/www.velo-bureau.fr\/en\/wp-json\/wp\/v2\/pages\/1015\/revisions\/1016"}],"wp:attachment":[{"href":"https:\/\/www.velo-bureau.fr\/en\/wp-json\/wp\/v2\/media?parent=1015"}],"curies":[{"name":"wp","href":"https:\/\/api.w.org\/{rel}","templated":true}]}}